{"id":1801,"date":"2025-04-29T21:56:09","date_gmt":"2025-04-30T00:56:09","guid":{"rendered":"https:\/\/pemagran.com.br\/?page_id=1801"},"modified":"2025-07-31T16:04:53","modified_gmt":"2025-07-31T19:04:53","slug":"inicio","status":"publish","type":"page","link":"https:\/\/pemagran.com.br\/es\/","title":{"rendered":"Inicio"},"content":{"rendered":"\t\t<div data-elementor-type=\"wp-page\" data-elementor-id=\"1801\" class=\"elementor elementor-1801\" data-elementor-post-type=\"page\">\n\t\t\t\t<div class=\"elementor-element elementor-element-74a3edb e-flex e-con-boxed e-con e-parent\" data-id=\"74a3edb\" data-element_type=\"container\" data-e-type=\"container\" data-settings=\"{&quot;background_background&quot;:&quot;video&quot;,&quot;background_video_link&quot;:&quot;https:\\\/\\\/www.youtube.com\\\/watch?v=5TSK18a2Yx8&amp;ab_channel=pemagranhttps:\\\/\\\/www.youtube.com\\\/watch?v=5TSK18a2Yx8&amp;ab_channel=pemagran&quot;,&quot;background_play_on_mobile&quot;:&quot;yes&quot;}\">\n\t\t\t\t\t<div class=\"e-con-inner\">\n\t\t<div class=\"elementor-background-video-container\">\n\t\t\t\t\t\t\t<div class=\"elementor-background-video-embed\" role=\"presentation\"><\/div>\n\t\t\t\t\t\t<\/div>\t\t\t<\/div>\n\t\t\t\t<\/div>\n\t\t<div class=\"elementor-element elementor-element-d5c125b e-flex e-con-boxed e-con e-parent\" data-id=\"d5c125b\" data-element_type=\"container\" data-e-type=\"container\">\n\t\t\t\t\t<div class=\"e-con-inner\">\n\t\t\t\t<div class=\"elementor-element elementor-element-a33bece elementor-widget elementor-widget-heading\" data-id=\"a33bece\" data-element_type=\"widget\" data-e-type=\"widget\" data-widget_type=\"heading.default\">\n\t\t\t\t\t<h2 class=\"elementor-heading-title elementor-size-default\">Rochas Naturais by Pemagran<\/h2>\t\t\t\t<\/div>\n\t\t<div class=\"elementor-element elementor-element-443e59c e-con-full e-flex e-con e-child\" data-id=\"443e59c\" data-element_type=\"container\" data-e-type=\"container\" data-settings=\"{&quot;background_background&quot;:&quot;classic&quot;}\">\n\t\t\t\t<div class=\"elementor-element elementor-element-019c366 elementor-widget elementor-widget-heading\" data-id=\"019c366\" data-element_type=\"widget\" data-e-type=\"widget\" data-widget_type=\"heading.default\">\n\t\t\t\t\t<h2 class=\"elementor-heading-title elementor-size-default\">BIANCO SUPREME<\/h2>\t\t\t\t<\/div>\n\t\t\t\t<div class=\"elementor-element elementor-element-797ef08 elementor-align-justify elementor-widget__width-initial elementor-widget elementor-widget-button\" data-id=\"797ef08\" data-element_type=\"widget\" data-e-type=\"widget\" data-widget_type=\"button.default\">\n\t\t\t\t\t\t\t\t\t\t<a class=\"elementor-button elementor-button-link elementor-size-sm\" href=\"https:\/\/pemagran.com.br\/produtos\/naturais\">\n\t\t\t\t\t\t<span class=\"elementor-button-content-wrapper\">\n\t\t\t\t\t\t\t\t\t<span class=\"elementor-button-text\">SAIBA MAIS<\/span>\n\t\t\t\t\t<\/span>\n\t\t\t\t\t<\/a>\n\t\t\t\t\t\t\t\t<\/div>\n\t\t\t\t<\/div>\n\t\t\t\t<div class=\"elementor-element elementor-element-a2313d1 elementor-widget elementor-widget-jet-woo-products\" data-id=\"a2313d1\" data-element_type=\"widget\" data-e-type=\"widget\" data-settings=\"{&quot;columns_mobile&quot;:&quot;1&quot;,&quot;columns&quot;:&quot;4&quot;}\" data-widget_type=\"jet-woo-products.default\">\n\t\t\t\t<div class=\"elementor-widget-container\">\n\t\t\t\t\t<div class=\"elementor-jet-woo-products jet-woo-builder\"><div class=\"jet-woo-products jet-woo-products--preset-3 col-row disable-rows-gap \" data-mobile-hover=\"\" >\n<div class=\"jet-woo-products__item jet-woo-builder-product\" data-product-id=\"2705\">\n\t<div class=\"jet-woo-products__inner-box jet-woo-item-overlay-wrap\" data-url=\"https:\/\/pemagran.com.br\/es\/producto\/titanium-gold\/\" >\n\t\t\n<div class=\"jet-woo-products__thumb-wrap\">\n\t\n<div class=\"jet-woo-product-thumbnail\">\n\t\n\t<a href=\"https:\/\/pemagran.com.br\/es\/producto\/titanium-gold\/\" ><img fetchpriority=\"high\" decoding=\"async\" width=\"494\" height=\"309\" src=\"https:\/\/pemagran.com.br\/wp-content\/uploads\/2025\/12\/CloseUp-00036999007-BLACK-TITANIUM-3CM-Block-00036999-Slab-007-e1765906168936-494x309.jpg\" class=\"attachment-woocommerce_thumbnail size-woocommerce_thumbnail\" alt=\"\" \/><\/a>\n\t<div class=\"jet-woo-product-img-overlay\"><\/div>\n\n\t\n\t<\/div><\/div>\n\n<div class=\"jet-woo-products__item-content\">\n\t<h5 class=\"jet-woo-product-title\" ><a href=\"https:\/\/pemagran.com.br\/es\/producto\/titanium-gold\/\" >TITANIUM GOLD<\/a><\/h5>\n\t<div class=\"hovered-content\">\n\t\t\n\t\t<div class=\"jet-woo-products-cqw-wrapper cqw-horizontal-view\">\n\t\t\t\t\t<\/div>\n\t<\/div>\n<\/div>\t<\/div>\n\n\t\t\t<a href=\"https:\/\/pemagran.com.br\/es\/producto\/titanium-gold\/\" class=\"jet-woo-item-overlay-link\"  ><\/a>\n\t<\/div>\n<div class=\"jet-woo-products__item jet-woo-builder-product\" data-product-id=\"756\">\n\t<div class=\"jet-woo-products__inner-box jet-woo-item-overlay-wrap\" data-url=\"https:\/\/pemagran.com.br\/es\/producto\/mont-blanc-marble\/\" >\n\t\t\n<div class=\"jet-woo-products__thumb-wrap\">\n\t\n<div class=\"jet-woo-product-thumbnail\">\n\t\n\t<a href=\"https:\/\/pemagran.com.br\/es\/producto\/mont-blanc-marble\/\" ><img decoding=\"async\" width=\"494\" height=\"309\" src=\"https:\/\/pemagran.com.br\/wp-content\/uploads\/2023\/08\/00033288010-MONT-BLANC-2cm-Block-00033288-Slab-010-scaled-e1694533078672-494x309.jpg\" class=\"attachment-woocommerce_thumbnail size-woocommerce_thumbnail\" alt=\"\" \/><\/a>\n\t<div class=\"jet-woo-product-img-overlay\"><\/div>\n\n\t\n\t<\/div><\/div>\n\n<div class=\"jet-woo-products__item-content\">\n\t<h5 class=\"jet-woo-product-title\" ><a href=\"https:\/\/pemagran.com.br\/es\/producto\/mont-blanc-marble\/\" >MONT BLANC<\/a><\/h5>\n\t<div class=\"hovered-content\">\n\t\t\n\t\t<div class=\"jet-woo-products-cqw-wrapper cqw-horizontal-view\">\n\t\t\t\t\t<\/div>\n\t<\/div>\n<\/div>\t<\/div>\n\n\t\t\t<a href=\"https:\/\/pemagran.com.br\/es\/producto\/mont-blanc-marble\/\" class=\"jet-woo-item-overlay-link\"  ><\/a>\n\t<\/div>\n<div class=\"jet-woo-products__item jet-woo-builder-product\" data-product-id=\"768\">\n\t<div class=\"jet-woo-products__inner-box jet-woo-item-overlay-wrap\" data-url=\"https:\/\/pemagran.com.br\/es\/producto\/wakanda\/\" >\n\t\t\n<div class=\"jet-woo-products__thumb-wrap\">\n\t\n<div class=\"jet-woo-product-thumbnail\">\n\t\n\t<a href=\"https:\/\/pemagran.com.br\/es\/producto\/wakanda\/\" ><img decoding=\"async\" width=\"494\" height=\"309\" src=\"https:\/\/pemagran.com.br\/wp-content\/uploads\/2025\/05\/Wakanda-494x309.png\" class=\"attachment-woocommerce_thumbnail size-woocommerce_thumbnail\" alt=\"\" srcset=\"https:\/\/pemagran.com.br\/wp-content\/uploads\/2025\/05\/Wakanda-494x309.png 494w, https:\/\/pemagran.com.br\/wp-content\/uploads\/2025\/05\/Wakanda-18x10.png 18w\" sizes=\"(max-width: 494px) 100vw, 494px\" \/><\/a>\n\t<div class=\"jet-woo-product-img-overlay\"><\/div>\n\n\t\n\t<\/div><\/div>\n\n<div class=\"jet-woo-products__item-content\">\n\t<h5 class=\"jet-woo-product-title\" ><a href=\"https:\/\/pemagran.com.br\/es\/producto\/wakanda\/\" >WAKANDA<\/a><\/h5>\n\t<div class=\"hovered-content\">\n\t\t\n\t\t<div class=\"jet-woo-products-cqw-wrapper cqw-horizontal-view\">\n\t\t\t\t\t<\/div>\n\t<\/div>\n<\/div>\t<\/div>\n\n\t\t\t<a href=\"https:\/\/pemagran.com.br\/es\/producto\/wakanda\/\" class=\"jet-woo-item-overlay-link\"  ><\/a>\n\t<\/div>\n<div class=\"jet-woo-products__item jet-woo-builder-product\" data-product-id=\"763\">\n\t<div class=\"jet-woo-products__inner-box jet-woo-item-overlay-wrap\" data-url=\"https:\/\/pemagran.com.br\/es\/producto\/salinas\/\" >\n\t\t\n<div class=\"jet-woo-products__thumb-wrap\">\n\t\n<div class=\"jet-woo-product-thumbnail\">\n\t\n\t<a href=\"https:\/\/pemagran.com.br\/es\/producto\/salinas\/\" ><img loading=\"lazy\" decoding=\"async\" width=\"494\" height=\"309\" src=\"https:\/\/pemagran.com.br\/wp-content\/uploads\/2025\/05\/Salinas-White-494x309.png\" class=\"attachment-woocommerce_thumbnail size-woocommerce_thumbnail\" alt=\"\" srcset=\"https:\/\/pemagran.com.br\/wp-content\/uploads\/2025\/05\/Salinas-White-494x309.png 494w, https:\/\/pemagran.com.br\/wp-content\/uploads\/2025\/05\/Salinas-White-18x10.png 18w\" sizes=\"(max-width: 494px) 100vw, 494px\" \/><\/a>\n\t<div class=\"jet-woo-product-img-overlay\"><\/div>\n\n\t\n\t<\/div><\/div>\n\n<div class=\"jet-woo-products__item-content\">\n\t<h5 class=\"jet-woo-product-title\" ><a href=\"https:\/\/pemagran.com.br\/es\/producto\/salinas\/\" >SALINAS WHITE<\/a><\/h5>\n\t<div class=\"hovered-content\">\n\t\t\n\t\t<div class=\"jet-woo-products-cqw-wrapper cqw-horizontal-view\">\n\t\t\t\t\t<\/div>\n\t<\/div>\n<\/div>\t<\/div>\n\n\t\t\t<a href=\"https:\/\/pemagran.com.br\/es\/producto\/salinas\/\" class=\"jet-woo-item-overlay-link\"  ><\/a>\n\t<\/div><\/div>\n<\/div>\t\t\t\t<\/div>\n\t\t\t\t<\/div>\n\t\t\t\t<div class=\"elementor-element elementor-element-0b7cce3 elementor-align-justify elementor-widget__width-initial elementor-widget-mobile__width-inherit elementor-widget elementor-widget-button\" data-id=\"0b7cce3\" data-element_type=\"widget\" data-e-type=\"widget\" data-widget_type=\"button.default\">\n\t\t\t\t\t\t\t\t\t\t<a class=\"elementor-button elementor-button-link elementor-size-sm\" href=\"https:\/\/pemagran.com.br\/produtos\/naturais\">\n\t\t\t\t\t\t<span class=\"elementor-button-content-wrapper\">\n\t\t\t\t\t\t\t\t\t<span class=\"elementor-button-text\">VEJA NOSSA LINHA COMPLETA<\/span>\n\t\t\t\t\t<\/span>\n\t\t\t\t\t<\/a>\n\t\t\t\t\t\t\t\t<\/div>\n\t\t\t\t\t<\/div>\n\t\t\t\t<\/div>\n\t\t<div class=\"elementor-element elementor-element-b2703b2 e-flex e-con-boxed e-con e-parent\" data-id=\"b2703b2\" data-element_type=\"container\" data-e-type=\"container\" data-settings=\"{&quot;background_background&quot;:&quot;classic&quot;}\">\n\t\t\t\t\t<div class=\"e-con-inner\">\n\t\t\t\t<div class=\"elementor-element elementor-element-3adbd14 elementor-widget elementor-widget-heading\" data-id=\"3adbd14\" data-element_type=\"widget\" data-e-type=\"widget\" data-widget_type=\"heading.default\">\n\t\t\t\t\t<h2 class=\"elementor-heading-title elementor-size-default\">O que falam sobre a Pemagran<\/h2>\t\t\t\t<\/div>\n\t\t\t\t<div class=\"elementor-element elementor-element-01483d5 elementor-testimonial--layout-image_above elementor-testimonial--skin-default elementor-testimonial--align-center elementor-arrows-yes elementor-pagination-type-bullets elementor-widget elementor-widget-testimonial-carousel\" data-id=\"01483d5\" data-element_type=\"widget\" data-e-type=\"widget\" data-settings=\"{&quot;slides_per_view&quot;:&quot;3&quot;,&quot;space_between&quot;:{&quot;unit&quot;:&quot;px&quot;,&quot;size&quot;:17,&quot;sizes&quot;:[]},&quot;slides_per_view_tablet&quot;:&quot;2&quot;,&quot;slides_per_view_mobile&quot;:&quot;1&quot;,&quot;slides_to_scroll_tablet&quot;:&quot;1&quot;,&quot;slides_to_scroll_mobile&quot;:&quot;1&quot;,&quot;show_arrows&quot;:&quot;yes&quot;,&quot;pagination&quot;:&quot;bullets&quot;,&quot;speed&quot;:500,&quot;loop&quot;:&quot;yes&quot;,&quot;space_between_tablet&quot;:{&quot;unit&quot;:&quot;px&quot;,&quot;size&quot;:10,&quot;sizes&quot;:[]},&quot;space_between_mobile&quot;:{&quot;unit&quot;:&quot;px&quot;,&quot;size&quot;:10,&quot;sizes&quot;:[]}}\" data-widget_type=\"testimonial-carousel.default\">\n\t\t\t\t\t\t\t\t\t\t<div class=\"elementor-main-swiper swiper\" role=\"region\" aria-roledescription=\"carousel\" aria-label=\"Slides\">\n\t\t\t\t<div class=\"swiper-wrapper\">\n\t\t\t\t\t\t\t\t\t\t\t<div class=\"swiper-slide\" role=\"group\" aria-roledescription=\"slide\">\n\t\t\t\t\t\t\t\t\t<div class=\"elementor-testimonial\">\n\t\t\t\t\t\t\t<div class=\"elementor-testimonial__content\">\n\t\t\t\t\t<div class=\"elementor-testimonial__text\">\n\t\t\t\t\t\t\"Foi sensacional a experi\u00eancia de conhecer a Pemagran, muita qualidade nos processos internos. Gostei muito da personalidade das rochas em especial os quartzitos, que s\u00e3o os que mais me encantaram!\"\t\t\t\t\t<\/div>\n\t\t\t\t\t<cite class=\"elementor-testimonial__cite\"><span class=\"elementor-testimonial__name\">Adriano Oliveira<\/span><span class=\"elementor-testimonial__title\">CEO da Silvagran<\/span><\/cite>\t\t\t\t<\/div>\n\t\t\t\t\t\t<div class=\"elementor-testimonial__footer\">\n\t\t\t\t\t\t\t\t\t<div class=\"elementor-testimonial__image\">\n\t\t\t\t\t\t<img decoding=\"async\" src=\"https:\/\/pemagran.com.br\/wp-content\/uploads\/2023\/08\/Adriano-Oliveira.png\" alt=\"Adriano Oliveira\">\n\t\t\t\t\t\t\t\t\t\t\t<\/div>\n\t\t\t\t\t\t\t\t\t\t\t<\/div>\n\t\t<\/div>\n\t\t\t\t\t\t\t\t<\/div>\n\t\t\t\t\t\t\t\t\t\t\t<div class=\"swiper-slide\" role=\"group\" aria-roledescription=\"slide\">\n\t\t\t\t\t\t\t\t\t<div class=\"elementor-testimonial\">\n\t\t\t\t\t\t\t<div class=\"elementor-testimonial__content\">\n\t\t\t\t\t<div class=\"elementor-testimonial__text\">\n\t\t\t\t\t\t\"A Pemagran foi uma das minhas primeiras parceiras, bem no in\u00edcio do Guia das Rochas. Essa parceria se consolidou e continua at\u00e9 hoje. Para mim, \u00e9 uma honra ter a oportunidade de aplicar os materiais da Pemagran em projetos, pois al\u00e9m de uma beleza fascinante, possuem uma \u00f3tima resist\u00eancia e sei que se precisar de alguma informa\u00e7\u00e3o, a equipe da Pemagran estar\u00e1 \u00e0 disposi\u00e7\u00e3o para me ajudar!\"\n\n\n\n\t\t\t\t\t<\/div>\n\t\t\t\t\t<cite class=\"elementor-testimonial__cite\"><span class=\"elementor-testimonial__name\">Isabelle Kopper<\/span><span class=\"elementor-testimonial__title\">Arquiteta Guia das Rochas<\/span><\/cite>\t\t\t\t<\/div>\n\t\t\t\t\t\t<div class=\"elementor-testimonial__footer\">\n\t\t\t\t\t\t\t\t\t<div class=\"elementor-testimonial__image\">\n\t\t\t\t\t\t<img decoding=\"async\" src=\"https:\/\/pemagran.com.br\/wp-content\/uploads\/2023\/08\/Isabella-Koppe.jpg\" alt=\"Isabelle Kopper\">\n\t\t\t\t\t\t\t\t\t\t\t<\/div>\n\t\t\t\t\t\t\t\t\t\t\t<\/div>\n\t\t<\/div>\n\t\t\t\t\t\t\t\t<\/div>\n\t\t\t\t\t\t\t\t\t\t\t<div class=\"swiper-slide\" role=\"group\" aria-roledescription=\"slide\">\n\t\t\t\t\t\t\t\t\t<div class=\"elementor-testimonial\">\n\t\t\t\t\t\t\t<div class=\"elementor-testimonial__content\">\n\t\t\t\t\t<div class=\"elementor-testimonial__text\">\n\t\t\t\t\t\t\"J\u00e1 somos clientes a mais de 4 anos. Adoramos trabalhar com o M\u00e1rmore Avalanche e os quartzitos da Pemagran, eles fazem muito sucesso em nossa marmoraria.\"\n\n\n\n\t\t\t\t\t<\/div>\n\t\t\t\t\t<cite class=\"elementor-testimonial__cite\"><span class=\"elementor-testimonial__name\">Ang\u00e9lica Fernandes<\/span><span class=\"elementor-testimonial__title\">CEO da Casa do M\u00e1rmore<\/span><\/cite>\t\t\t\t<\/div>\n\t\t\t\t\t\t<div class=\"elementor-testimonial__footer\">\n\t\t\t\t\t\t\t\t\t<div class=\"elementor-testimonial__image\">\n\t\t\t\t\t\t<img decoding=\"async\" src=\"https:\/\/pemagran.com.br\/wp-content\/uploads\/2023\/08\/Andressa2.jpg\" alt=\"Ang\u00e9lica Fernandes\">\n\t\t\t\t\t\t\t\t\t\t\t<\/div>\n\t\t\t\t\t\t\t\t\t\t\t<\/div>\n\t\t<\/div>\n\t\t\t\t\t\t\t\t<\/div>\n\t\t\t\t\t\t\t\t\t<\/div>\n\t\t\t\t\t\t\t\t\t\t\t\t\t\t\t<div class=\"elementor-swiper-button elementor-swiper-button-prev\" role=\"button\" tabindex=\"0\" aria-label=\"Anterior\">\n\t\t\t\t\t\t\t<svg aria-hidden=\"true\" class=\"e-font-icon-svg e-eicon-chevron-left\" viewBox=\"0 0 1000 1000\" xmlns=\"http:\/\/www.w3.org\/2000\/svg\"><path d=\"M646 125C629 125 613 133 604 142L308 442C296 454 292 471 292 487 292 504 296 521 308 533L604 854C617 867 629 875 646 875 663 875 679 871 692 858 704 846 713 829 713 812 713 796 708 779 692 767L438 487 692 225C700 217 708 204 708 187 708 171 704 154 692 142 675 129 663 125 646 125Z\"><\/path><\/svg>\t\t\t\t\t\t<\/div>\n\t\t\t\t\t\t<div class=\"elementor-swiper-button elementor-swiper-button-next\" role=\"button\" tabindex=\"0\" aria-label=\"Siguiente\">\n\t\t\t\t\t\t\t<svg aria-hidden=\"true\" class=\"e-font-icon-svg e-eicon-chevron-right\" viewBox=\"0 0 1000 1000\" xmlns=\"http:\/\/www.w3.org\/2000\/svg\"><path d=\"M696 533C708 521 713 504 713 487 713 471 708 454 696 446L400 146C388 133 375 125 354 125 338 125 325 129 313 142 300 154 292 171 292 187 292 204 296 221 308 233L563 492 304 771C292 783 288 800 288 817 288 833 296 850 308 863 321 871 338 875 354 875 371 875 388 867 400 854L696 533Z\"><\/path><\/svg>\t\t\t\t\t\t<\/div>\n\t\t\t\t\t\t\t\t\t\t\t\t\t\t\t\t<div class=\"swiper-pagination\"><\/div>\n\t\t\t\t\t\t\t\t\t\t\t\t<\/div>\n\t\t\t\t\t\t\t\t<\/div>\n\t\t\t\t\t<\/div>\n\t\t\t\t<\/div>\n\t\t<div class=\"elementor-element elementor-element-5ae6f5d e-flex e-con-boxed e-con e-parent\" data-id=\"5ae6f5d\" data-element_type=\"container\" data-e-type=\"container\">\n\t\t\t\t\t<div class=\"e-con-inner\">\n\t\t<div class=\"elementor-element elementor-element-17101c3 e-con-full e-flex e-con e-child\" data-id=\"17101c3\" data-element_type=\"container\" data-e-type=\"container\" data-settings=\"{&quot;background_background&quot;:&quot;classic&quot;}\">\n\t\t\t\t<div class=\"elementor-element elementor-element-0cab319 elementor-widget elementor-widget-heading\" data-id=\"0cab319\" data-element_type=\"widget\" data-e-type=\"widget\" data-widget_type=\"heading.default\">\n\t\t\t\t\t<h2 class=\"elementor-heading-title elementor-size-default\">SOBRE N\u00d3S<\/h2>\t\t\t\t<\/div>\n\t\t\t\t<div class=\"elementor-element elementor-element-1422790 elementor-align-justify elementor-widget__width-initial elementor-widget-mobile__width-inherit elementor-widget elementor-widget-button\" data-id=\"1422790\" data-element_type=\"widget\" data-e-type=\"widget\" data-widget_type=\"button.default\">\n\t\t\t\t\t\t\t\t\t\t<a class=\"elementor-button elementor-button-link elementor-size-sm\" href=\"https:\/\/pemagran.com.br\/?page_id=1850\">\n\t\t\t\t\t\t<span class=\"elementor-button-content-wrapper\">\n\t\t\t\t\t\t\t\t\t<span class=\"elementor-button-text\">SAIBA MAIS<\/span>\n\t\t\t\t\t<\/span>\n\t\t\t\t\t<\/a>\n\t\t\t\t\t\t\t\t<\/div>\n\t\t\t\t<\/div>\n\t\t<div class=\"elementor-element elementor-element-21dc12f e-con-full e-flex e-con e-child\" data-id=\"21dc12f\" data-element_type=\"container\" data-e-type=\"container\" data-settings=\"{&quot;background_background&quot;:&quot;classic&quot;}\">\n\t\t\t\t<div class=\"elementor-element elementor-element-05475c6 elementor-widget elementor-widget-heading\" data-id=\"05475c6\" data-element_type=\"widget\" data-e-type=\"widget\" data-widget_type=\"heading.default\">\n\t\t\t\t\t<h2 class=\"elementor-heading-title elementor-size-default\">JAZIDAS<\/h2>\t\t\t\t<\/div>\n\t\t\t\t<div class=\"elementor-element elementor-element-01931c4 elementor-align-justify elementor-widget__width-initial elementor-widget-mobile__width-inherit elementor-widget elementor-widget-button\" data-id=\"01931c4\" data-element_type=\"widget\" data-e-type=\"widget\" data-widget_type=\"button.default\">\n\t\t\t\t\t\t\t\t\t\t<a class=\"elementor-button elementor-button-link elementor-size-sm\" href=\"https:\/\/pemagran.com.br\/?page_id=1885\">\n\t\t\t\t\t\t<span class=\"elementor-button-content-wrapper\">\n\t\t\t\t\t\t\t\t\t<span class=\"elementor-button-text\">SAIBA MAIS<\/span>\n\t\t\t\t\t<\/span>\n\t\t\t\t\t<\/a>\n\t\t\t\t\t\t\t\t<\/div>\n\t\t\t\t<\/div>\n\t\t<div class=\"elementor-element elementor-element-6c4d4c5 e-con-full e-flex e-con e-child\" data-id=\"6c4d4c5\" data-element_type=\"container\" data-e-type=\"container\">\n\t\t\t\t<div class=\"elementor-element elementor-element-d103619 elementor-widget elementor-widget-heading\" data-id=\"d103619\" data-element_type=\"widget\" data-e-type=\"widget\" data-widget_type=\"heading.default\">\n\t\t\t\t\t<h2 class=\"elementor-heading-title elementor-size-default\">Inscreva-se em nossa Newsletter\u00a0e fique\n\npor dentro das novidades da Pemagran:<\/h2>\t\t\t\t<\/div>\n\t\t\t\t<div class=\"elementor-element elementor-element-c4f1d12 elementor-button-align-start elementor-widget-mobile__width-inherit elementor-widget elementor-widget-form\" data-id=\"c4f1d12\" data-element_type=\"widget\" data-e-type=\"widget\" data-settings=\"{&quot;step_next_label&quot;:&quot;Pr\\u00f3ximo&quot;,&quot;step_previous_label&quot;:&quot;Anterior&quot;,&quot;button_width&quot;:&quot;100&quot;,&quot;step_type&quot;:&quot;number_text&quot;,&quot;step_icon_shape&quot;:&quot;circle&quot;}\" data-widget_type=\"form.default\">\n\t\t\t\t\t\t\t<form class=\"elementor-form\" method=\"post\" name=\"Novo formul\u00e1rio\" aria-label=\"Novo formul\u00e1rio\">\n\t\t\t<input type=\"hidden\" name=\"post_id\" value=\"1801\"\/>\n\t\t\t<input type=\"hidden\" name=\"form_id\" value=\"c4f1d12\"\/>\n\t\t\t<input type=\"hidden\" name=\"referer_title\" value=\"\" \/>\n\n\t\t\t\t\t\t\t<input type=\"hidden\" name=\"queried_id\" value=\"1801\"\/>\n\t\t\t\n\t\t\t<div class=\"elementor-form-fields-wrapper elementor-labels-\">\n\t\t\t\t\t\t\t\t<div class=\"elementor-field-type-email elementor-field-group elementor-column elementor-field-group-email elementor-col-100 elementor-field-required\">\n\t\t\t\t\t\t\t\t\t\t\t\t<label for=\"form-field-email\" class=\"elementor-field-label elementor-screen-only\">\n\t\t\t\t\t\t\t\tE-mail\t\t\t\t\t\t\t<\/label>\n\t\t\t\t\t\t\t\t\t\t\t\t\t\t<input size=\"1\" type=\"email\" name=\"form_fields[email]\" id=\"form-field-email\" class=\"elementor-field elementor-size-lg  elementor-field-textual\" placeholder=\"E-mail\" required=\"required\">\n\t\t\t\t\t\t\t\t\t\t\t<\/div>\n\t\t\t\t\t\t\t\t<div class=\"elementor-field-group elementor-column elementor-field-type-submit elementor-col-100 e-form__buttons\">\n\t\t\t\t\t<button class=\"elementor-button elementor-size-sm\" type=\"submit\">\n\t\t\t\t\t\t<span class=\"elementor-button-content-wrapper\">\n\t\t\t\t\t\t\t\t\t\t\t\t\t\t\t\t\t\t\t\t\t\t<span class=\"elementor-button-text\">Enviar<\/span>\n\t\t\t\t\t\t\t\t\t\t\t\t\t<\/span>\n\t\t\t\t\t<\/button>\n\t\t\t\t<\/div>\n\t\t\t<\/div>\n\t\t<\/form>\n\t\t\t\t\t\t<\/div>\n\t\t\t\t<\/div>\n\t\t\t\t\t<\/div>\n\t\t\t\t<\/div>\n\t\t\t\t<\/div>\n\t\t","protected":false},"excerpt":{"rendered":"<p>Rochas Naturais by Pemagran BIANCO SUPREME SAIBA MAIS BIANCO ROMENO WAKANDA MONT BLANC PERLA ROCCA VEJA NOSSA LINHA COMPLETA O que falam sobre a Pemagran &#8220;Foi sensacional a experi\u00eancia de conhecer a Pemagran, muita qualidade nos processos internos. Gostei muito da personalidade das rochas em especial os quartzitos, que s\u00e3o os que mais me encantaram!&#8221; [&hellip;]<\/p>\n","protected":false},"author":14,"featured_media":0,"parent":0,"menu_order":0,"comment_status":"closed","ping_status":"closed","template":"elementor_header_footer","meta":{"inline_featured_image":false,"_joinchat":[],"footnotes":""},"class_list":["post-1801","page","type-page","status-publish","hentry"],"blocksy_meta":[],"_links":{"self":[{"href":"https:\/\/pemagran.com.br\/es\/wp-json\/wp\/v2\/pages\/1801","targetHints":{"allow":["GET"]}}],"collection":[{"href":"https:\/\/pemagran.com.br\/es\/wp-json\/wp\/v2\/pages"}],"about":[{"href":"https:\/\/pemagran.com.br\/es\/wp-json\/wp\/v2\/types\/page"}],"author":[{"embeddable":true,"href":"https:\/\/pemagran.com.br\/es\/wp-json\/wp\/v2\/users\/14"}],"replies":[{"embeddable":true,"href":"https:\/\/pemagran.com.br\/es\/wp-json\/wp\/v2\/comments?post=1801"}],"version-history":[{"count":172,"href":"https:\/\/pemagran.com.br\/es\/wp-json\/wp\/v2\/pages\/1801\/revisions"}],"predecessor-version":[{"id":2701,"href":"https:\/\/pemagran.com.br\/es\/wp-json\/wp\/v2\/pages\/1801\/revisions\/2701"}],"wp:attachment":[{"href":"https:\/\/pemagran.com.br\/es\/wp-json\/wp\/v2\/media?parent=1801"}],"curies":[{"name":"wp","href":"https:\/\/api.w.org\/{rel}","templated":true}]}}