{"id":1850,"date":"2025-02-13T16:07:00","date_gmt":"2025-02-13T19:07:00","guid":{"rendered":"https:\/\/pemagran.com.br\/?page_id=1850"},"modified":"2025-07-01T12:59:03","modified_gmt":"2025-07-01T15:59:03","slug":"sobre-nos","status":"publish","type":"page","link":"https:\/\/pemagran.com.br\/en\/sobre-nos\/","title":{"rendered":"About Us"},"content":{"rendered":"<div data-elementor-type=\"wp-page\" data-elementor-id=\"1850\" class=\"elementor elementor-1850\" data-elementor-post-type=\"page\">\n\t\t\t\t<div class=\"elementor-element elementor-element-862e152 e-flex e-con-boxed e-con e-parent\" data-id=\"862e152\" data-element_type=\"container\" data-e-type=\"container\" data-settings=\"{&quot;background_background&quot;:&quot;video&quot;,&quot;background_video_link&quot;:&quot;http:\\\/\\\/pemagran.com.br\\\/wp-content\\\/uploads\\\/2025\\\/04\\\/Video-alta.mp4&quot;}\">\n\t\t\t\t\t<div class=\"e-con-inner\">\n\t\t<div class=\"elementor-background-video-container elementor-hidden-mobile\">\n\t\t\t\t\t\t\t<video class=\"elementor-background-video-hosted\" role=\"presentation\" autoplay muted playsinline loop><\/video>\n\t\t\t\t\t<\/div>\t\t\t<\/div>\n\t\t\t\t<\/div>\n\t\t<div class=\"elementor-element elementor-element-4139bbe e-flex e-con-boxed e-con e-parent\" data-id=\"4139bbe\" data-element_type=\"container\" data-e-type=\"container\">\n\t\t\t\t\t<div class=\"e-con-inner\">\n\t\t<div class=\"elementor-element elementor-element-4134c68 e-con-full e-flex e-con e-child\" data-id=\"4134c68\" data-element_type=\"container\" data-e-type=\"container\">\n\t\t\t\t<div class=\"elementor-element elementor-element-a7e7d9f elementor-widget elementor-widget-heading\" data-id=\"a7e7d9f\" data-element_type=\"widget\" data-e-type=\"widget\" data-widget_type=\"heading.default\">\n\t\t\t\t\t<h2 class=\"elementor-heading-title elementor-size-default\">Our Story<\/h2>\t\t\t\t<\/div>\n\t\t\t\t<div class=\"elementor-element elementor-element-9d5abdc elementor-widget elementor-widget-text-editor\" data-id=\"9d5abdc\" data-element_type=\"widget\" data-e-type=\"widget\" data-widget_type=\"text-editor.default\">\n\t\t\t\t\t\t\t\t\t<p>Pemagran was founded in 1979 by Mr. Calbir Sandrini. An Italian descendant with determination and a strong work ethic, he left a legacy for his children, grandchildren, and great-grandchildren.<br \/><br \/>Since its foundation, Pemagran has had a family management ingrained in its DNA, which continues to this day, with Claudio and Adriano Sandrini leading the company.<br \/><br \/>A company that has expanded over the years through investments in industry, infrastructure, mining, and its employees.<\/p>\t\t\t\t\t\t\t\t<\/div>\n\t\t\t\t<\/div>\n\t\t<div class=\"elementor-element elementor-element-cbf5099 e-con-full e-flex e-con e-child\" data-id=\"cbf5099\" data-element_type=\"container\" data-e-type=\"container\">\n\t\t\t\t<div class=\"elementor-element elementor-element-9900103 elementor-widget elementor-widget-image\" data-id=\"9900103\" data-element_type=\"widget\" data-e-type=\"widget\" data-widget_type=\"image.default\">\n\t\t\t\t\t\t\t\t\t\t\t\t\t\t\t<img fetchpriority=\"high\" decoding=\"async\" width=\"576\" height=\"430\" src=\"https:\/\/pemagran.com.br\/wp-content\/uploads\/2025\/02\/Pemagran-Drone-Edit-1-1024x496-2.jpg\" class=\"attachment-full size-full wp-image-1831\" alt=\"\" srcset=\"https:\/\/pemagran.com.br\/wp-content\/uploads\/2025\/02\/Pemagran-Drone-Edit-1-1024x496-2.jpg 576w, https:\/\/pemagran.com.br\/wp-content\/uploads\/2025\/02\/Pemagran-Drone-Edit-1-1024x496-2-300x224.jpg 300w, https:\/\/pemagran.com.br\/wp-content\/uploads\/2025\/02\/Pemagran-Drone-Edit-1-1024x496-2-16x12.jpg 16w\" sizes=\"(max-width: 576px) 100vw, 576px\" \/>\t\t\t\t\t\t\t\t\t\t\t\t\t\t\t<\/div>\n\t\t\t\t<\/div>\n\t\t\t\t\t<\/div>\n\t\t\t\t<\/div>\n\t\t<div class=\"elementor-element elementor-element-5dd9409 e-flex e-con-boxed e-con e-parent\" data-id=\"5dd9409\" data-element_type=\"container\" data-e-type=\"container\">\n\t\t\t\t\t<div class=\"e-con-inner\">\n\t\t<div class=\"elementor-element elementor-element-5272a16 e-con-full e-flex e-con e-child\" data-id=\"5272a16\" data-element_type=\"container\" data-e-type=\"container\">\n\t\t\t\t<div class=\"elementor-element elementor-element-2a5d7a3 elementor-widget elementor-widget-text-editor\" data-id=\"2a5d7a3\" data-element_type=\"widget\" data-e-type=\"widget\" data-widget_type=\"text-editor.default\">\n\t\t\t\t\t\t\t\t\t<p>We have control over the entire production chain, from mining, through the process of processing slabs, tiles, and design pieces.<\/p><p>Our materials are known worldwide for their beauty and quality in finishing. Our company is recognized for its delivery, quality, punctuality, and commitment to the customer, employees, and the environment.<\/p>\t\t\t\t\t\t\t\t<\/div>\n\t\t\t\t<\/div>\n\t\t<div class=\"elementor-element elementor-element-64896e5 e-con-full e-flex e-con e-child\" data-id=\"64896e5\" data-element_type=\"container\" data-e-type=\"container\">\n\t\t\t\t<div class=\"elementor-element elementor-element-375cd70 elementor-widget__width-initial elementor-widget-tablet__width-initial elementor-widget elementor-widget-image\" data-id=\"375cd70\" data-element_type=\"widget\" data-e-type=\"widget\" data-widget_type=\"image.default\">\n\t\t\t\t\t\t\t\t\t\t\t\t\t\t\t<img decoding=\"async\" width=\"226\" height=\"146\" src=\"https:\/\/pemagran.com.br\/wp-content\/uploads\/2025\/02\/Foto-colaborador-1-1024x768-1.jpg\" class=\"attachment-full size-full wp-image-1853\" alt=\"\" srcset=\"https:\/\/pemagran.com.br\/wp-content\/uploads\/2025\/02\/Foto-colaborador-1-1024x768-1.jpg 226w, https:\/\/pemagran.com.br\/wp-content\/uploads\/2025\/02\/Foto-colaborador-1-1024x768-1-18x12.jpg 18w\" sizes=\"(max-width: 226px) 100vw, 226px\" \/>\t\t\t\t\t\t\t\t\t\t\t\t\t\t\t<\/div>\n\t\t\t\t<div class=\"elementor-element elementor-element-3495c7e elementor-widget__width-initial elementor-widget-tablet__width-initial elementor-widget elementor-widget-image\" data-id=\"3495c7e\" data-element_type=\"widget\" data-e-type=\"widget\" data-widget_type=\"image.default\">\n\t\t\t\t\t\t\t\t\t\t\t\t\t\t\t<img decoding=\"async\" width=\"226\" height=\"146\" src=\"https:\/\/pemagran.com.br\/wp-content\/uploads\/2025\/02\/Foto-colaborador-1024x768-1.jpg\" class=\"attachment-full size-full wp-image-1854\" alt=\"\" srcset=\"https:\/\/pemagran.com.br\/wp-content\/uploads\/2025\/02\/Foto-colaborador-1024x768-1.jpg 226w, https:\/\/pemagran.com.br\/wp-content\/uploads\/2025\/02\/Foto-colaborador-1024x768-1-18x12.jpg 18w\" sizes=\"(max-width: 226px) 100vw, 226px\" \/>\t\t\t\t\t\t\t\t\t\t\t\t\t\t\t<\/div>\n\t\t\t\t<div class=\"elementor-element elementor-element-6d4230a elementor-widget__width-inherit elementor-widget-tablet__width-inherit elementor-widget elementor-widget-image\" data-id=\"6d4230a\" data-element_type=\"widget\" data-e-type=\"widget\" data-widget_type=\"image.default\">\n\t\t\t\t\t\t\t\t\t\t\t\t\t\t\t<img loading=\"lazy\" decoding=\"async\" width=\"476\" height=\"146\" src=\"https:\/\/pemagran.com.br\/wp-content\/uploads\/2025\/02\/DJI_0130-1-scaled-e1692206990705-1024x487-1.jpg\" class=\"attachment-full size-full wp-image-1855\" alt=\"\" srcset=\"https:\/\/pemagran.com.br\/wp-content\/uploads\/2025\/02\/DJI_0130-1-scaled-e1692206990705-1024x487-1.jpg 476w, https:\/\/pemagran.com.br\/wp-content\/uploads\/2025\/02\/DJI_0130-1-scaled-e1692206990705-1024x487-1-300x92.jpg 300w, https:\/\/pemagran.com.br\/wp-content\/uploads\/2025\/02\/DJI_0130-1-scaled-e1692206990705-1024x487-1-18x6.jpg 18w\" sizes=\"(max-width: 476px) 100vw, 476px\" \/>\t\t\t\t\t\t\t\t\t\t\t\t\t\t\t<\/div>\n\t\t\t\t<\/div>\n\t\t\t\t\t<\/div>\n\t\t\t\t<\/div>\n\t\t<div class=\"elementor-element elementor-element-c7e3161 e-flex e-con-boxed e-con e-parent\" data-id=\"c7e3161\" data-element_type=\"container\" data-e-type=\"container\">\n\t\t\t\t\t<div class=\"e-con-inner\">\n\t\t\t\t<div class=\"elementor-element elementor-element-2f9454c elementor-widget elementor-widget-heading\" data-id=\"2f9454c\" data-element_type=\"widget\" data-e-type=\"widget\" data-widget_type=\"heading.default\">\n\t\t\t\t\t<h2 class=\"elementor-heading-title elementor-size-default\">Sandrini Group Companies<\/h2>\t\t\t\t<\/div>\n\t\t\t\t\t<\/div>\n\t\t\t\t<\/div>\n\t\t<div class=\"elementor-element elementor-element-5fb773c e-flex e-con-boxed e-con e-parent\" data-id=\"5fb773c\" data-element_type=\"container\" data-e-type=\"container\" data-settings=\"{&quot;background_background&quot;:&quot;classic&quot;}\">\n\t\t\t\t\t<div class=\"e-con-inner\">\n\t\t\t\t<div class=\"elementor-element elementor-element-a4f8731 elementor-widget__width-initial elementor-widget-mobile__width-inherit elementor-widget elementor-widget-image\" data-id=\"a4f8731\" data-element_type=\"widget\" data-e-type=\"widget\" data-widget_type=\"image.default\">\n\t\t\t\t\t\t\t\t\t\t\t\t\t\t\t<img loading=\"lazy\" decoding=\"async\" width=\"233\" height=\"54\" src=\"https:\/\/pemagran.com.br\/wp-content\/uploads\/2025\/02\/Pemagran_Logo_Branca-1-1.png\" class=\"attachment-full size-full wp-image-1859\" alt=\"\" srcset=\"https:\/\/pemagran.com.br\/wp-content\/uploads\/2025\/02\/Pemagran_Logo_Branca-1-1.png 233w, https:\/\/pemagran.com.br\/wp-content\/uploads\/2025\/02\/Pemagran_Logo_Branca-1-1-18x4.png 18w\" sizes=\"(max-width: 233px) 100vw, 233px\" \/>\t\t\t\t\t\t\t\t\t\t\t\t\t\t\t<\/div>\n\t\t\t\t<div class=\"elementor-element elementor-element-d24494c elementor-widget__width-initial elementor-widget-mobile__width-inherit elementor-widget elementor-widget-image\" data-id=\"d24494c\" data-element_type=\"widget\" data-e-type=\"widget\" data-widget_type=\"image.default\">\n\t\t\t\t\t\t\t\t\t\t\t\t\t\t\t<img loading=\"lazy\" decoding=\"async\" width=\"94\" height=\"80\" src=\"https:\/\/pemagran.com.br\/wp-content\/uploads\/2025\/02\/Sampa-1.png\" class=\"attachment-full size-full wp-image-1860\" alt=\"\" srcset=\"https:\/\/pemagran.com.br\/wp-content\/uploads\/2025\/02\/Sampa-1.png 94w, https:\/\/pemagran.com.br\/wp-content\/uploads\/2025\/02\/Sampa-1-14x12.png 14w\" sizes=\"(max-width: 94px) 100vw, 94px\" \/>\t\t\t\t\t\t\t\t\t\t\t\t\t\t\t<\/div>\n\t\t\t\t<div class=\"elementor-element elementor-element-a1d11d7 elementor-widget__width-initial elementor-widget-mobile__width-inherit elementor-widget elementor-widget-image\" data-id=\"a1d11d7\" data-element_type=\"widget\" data-e-type=\"widget\" data-widget_type=\"image.default\">\n\t\t\t\t\t\t\t\t\t\t\t\t\t\t\t<img loading=\"lazy\" decoding=\"async\" width=\"1177\" height=\"282\" src=\"https:\/\/pemagran.com.br\/wp-content\/uploads\/2025\/05\/stonish-logo-branca-png.png\" class=\"attachment-full size-full wp-image-2528\" alt=\"\" srcset=\"https:\/\/pemagran.com.br\/wp-content\/uploads\/2025\/05\/stonish-logo-branca-png.png 1177w, https:\/\/pemagran.com.br\/wp-content\/uploads\/2025\/05\/stonish-logo-branca-png-300x72.png 300w, https:\/\/pemagran.com.br\/wp-content\/uploads\/2025\/05\/stonish-logo-branca-png-1024x245.png 1024w, https:\/\/pemagran.com.br\/wp-content\/uploads\/2025\/05\/stonish-logo-branca-png-768x184.png 768w, https:\/\/pemagran.com.br\/wp-content\/uploads\/2025\/05\/stonish-logo-branca-png-18x4.png 18w, https:\/\/pemagran.com.br\/wp-content\/uploads\/2025\/05\/stonish-logo-branca-png-1020x244.png 1020w\" sizes=\"(max-width: 1177px) 100vw, 1177px\" \/>\t\t\t\t\t\t\t\t\t\t\t\t\t\t\t<\/div>\n\t\t\t\t<div class=\"elementor-element elementor-element-20038da elementor-widget__width-initial elementor-widget-mobile__width-inherit elementor-widget elementor-widget-image\" data-id=\"20038da\" data-element_type=\"widget\" data-e-type=\"widget\" data-widget_type=\"image.default\">\n\t\t\t\t\t\t\t\t\t\t\t\t\t\t\t<img loading=\"lazy\" decoding=\"async\" width=\"199\" height=\"238\" src=\"https:\/\/pemagran.com.br\/wp-content\/uploads\/2025\/05\/Blocklog.png\" class=\"attachment-full size-full wp-image-2530\" alt=\"\" srcset=\"https:\/\/pemagran.com.br\/wp-content\/uploads\/2025\/05\/Blocklog.png 199w, https:\/\/pemagran.com.br\/wp-content\/uploads\/2025\/05\/Blocklog-10x12.png 10w\" sizes=\"(max-width: 199px) 100vw, 199px\" \/>\t\t\t\t\t\t\t\t\t\t\t\t\t\t\t<\/div>\n\t\t\t\t<div class=\"elementor-element elementor-element-ddb0e18 elementor-widget__width-initial elementor-widget-mobile__width-inherit elementor-widget elementor-widget-image\" data-id=\"ddb0e18\" data-element_type=\"widget\" data-e-type=\"widget\" data-widget_type=\"image.default\">\n\t\t\t\t\t\t\t\t\t\t\t\t\t\t\t<img loading=\"lazy\" decoding=\"async\" width=\"132\" height=\"49\" src=\"https:\/\/pemagran.com.br\/wp-content\/uploads\/2025\/02\/BRS-1.png\" class=\"attachment-full size-full wp-image-1861\" alt=\"\" srcset=\"https:\/\/pemagran.com.br\/wp-content\/uploads\/2025\/02\/BRS-1.png 132w, https:\/\/pemagran.com.br\/wp-content\/uploads\/2025\/02\/BRS-1-18x7.png 18w\" sizes=\"(max-width: 132px) 100vw, 132px\" \/>\t\t\t\t\t\t\t\t\t\t\t\t\t\t\t<\/div>\n\t\t\t\t\t<\/div>\n\t\t\t\t<\/div>\n\t\t<div class=\"elementor-element elementor-element-c231996 e-flex e-con-boxed e-con e-parent\" data-id=\"c231996\" data-element_type=\"container\" data-e-type=\"container\">\n\t\t\t\t\t<div class=\"e-con-inner\">\n\t\t\t\t<div class=\"elementor-element elementor-element-dd561f9 elementor-widget__width-initial elementor-widget-mobile__width-inherit elementor-position-top elementor-widget elementor-widget-image-box\" data-id=\"dd561f9\" data-element_type=\"widget\" data-e-type=\"widget\" data-widget_type=\"image-box.default\">\n\t\t\t\t\t<div class=\"elementor-image-box-wrapper\"><figure class=\"elementor-image-box-img\"><img loading=\"lazy\" decoding=\"async\" width=\"64\" height=\"64\" src=\"https:\/\/pemagran.com.br\/wp-content\/uploads\/2025\/02\/Target.png\" class=\"attachment-full size-full wp-image-1862\" alt=\"\" srcset=\"https:\/\/pemagran.com.br\/wp-content\/uploads\/2025\/02\/Target.png 64w, https:\/\/pemagran.com.br\/wp-content\/uploads\/2025\/02\/Target-12x12.png 12w\" sizes=\"(max-width: 64px) 100vw, 64px\" \/><\/figure><div class=\"elementor-image-box-content\"><h3 class=\"elementor-image-box-title\">Mission<\/h3><p class=\"elementor-image-box-description\">Our purpose is to guide our clients to excellence in the acquisition of exclusive and high-quality ornamental stones, offering punctuality in delivery, generating jobs, and actively participating in Brazilian economic growth.<\/p><\/div><\/div>\t\t\t\t<\/div>\n\t\t\t\t<div class=\"elementor-element elementor-element-dd4fca7 elementor-widget__width-initial elementor-widget-mobile__width-inherit elementor-position-top elementor-widget elementor-widget-image-box\" data-id=\"dd4fca7\" data-element_type=\"widget\" data-e-type=\"widget\" data-widget_type=\"image-box.default\">\n\t\t\t\t\t<div class=\"elementor-image-box-wrapper\"><figure class=\"elementor-image-box-img\"><img loading=\"lazy\" decoding=\"async\" width=\"64\" height=\"64\" src=\"https:\/\/pemagran.com.br\/wp-content\/uploads\/2025\/02\/Eye.png\" class=\"attachment-full size-full wp-image-1863\" alt=\"\" srcset=\"https:\/\/pemagran.com.br\/wp-content\/uploads\/2025\/02\/Eye.png 64w, https:\/\/pemagran.com.br\/wp-content\/uploads\/2025\/02\/Eye-12x12.png 12w\" sizes=\"(max-width: 64px) 100vw, 64px\" \/><\/figure><div class=\"elementor-image-box-content\"><h3 class=\"elementor-image-box-title\">Vision<\/h3><p class=\"elementor-image-box-description\">To be a national and international reference in the natural stone market, inspiring and defining the direction of the sector: with success, responsibility, and sustainability.<\/p><\/div><\/div>\t\t\t\t<\/div>\n\t\t\t\t<div class=\"elementor-element elementor-element-33aae40 elementor-widget__width-initial elementor-widget-mobile__width-inherit elementor-position-top elementor-widget elementor-widget-image-box\" data-id=\"33aae40\" data-element_type=\"widget\" data-e-type=\"widget\" data-widget_type=\"image-box.default\">\n\t\t\t\t\t<div class=\"elementor-image-box-wrapper\"><figure class=\"elementor-image-box-img\"><img loading=\"lazy\" decoding=\"async\" width=\"64\" height=\"64\" src=\"https:\/\/pemagran.com.br\/wp-content\/uploads\/2025\/02\/Diamond.png\" class=\"attachment-full size-full wp-image-1864\" alt=\"\" srcset=\"https:\/\/pemagran.com.br\/wp-content\/uploads\/2025\/02\/Diamond.png 64w, https:\/\/pemagran.com.br\/wp-content\/uploads\/2025\/02\/Diamond-12x12.png 12w\" sizes=\"(max-width: 64px) 100vw, 64px\" \/><\/figure><div class=\"elementor-image-box-content\"><h3 class=\"elementor-image-box-title\">Values<\/h3><p class=\"elementor-image-box-description\">Quality, Transparency, Commitment, Ethics, Human Development, Social and Environmental Responsibility.<\/p><\/div><\/div>\t\t\t\t<\/div>\n\t\t\t\t\t<\/div>\n\t\t\t\t<\/div>\n\t\t<div class=\"elementor-element elementor-element-20553cc e-flex e-con-boxed e-con e-parent\" data-id=\"20553cc\" data-element_type=\"container\" data-e-type=\"container\">\n\t\t\t\t\t<div class=\"e-con-inner\">\n\t\t\t\t<div class=\"elementor-element elementor-element-600e86d elementor-widget elementor-widget-heading\" data-id=\"600e86d\" data-element_type=\"widget\" data-e-type=\"widget\" data-widget_type=\"heading.default\">\n\t\t\t\t\t<h2 class=\"elementor-heading-title elementor-size-default\">Natural Stones by Pemagran<\/h2>\t\t\t\t<\/div>\n\t\t<div class=\"elementor-element elementor-element-1204450 e-con-full e-flex e-con e-child\" data-id=\"1204450\" data-element_type=\"container\" data-e-type=\"container\" data-settings=\"{&quot;background_background&quot;:&quot;classic&quot;}\">\n\t\t\t\t<div class=\"elementor-element elementor-element-d55e171 elementor-widget elementor-widget-heading\" data-id=\"d55e171\" data-element_type=\"widget\" data-e-type=\"widget\" data-widget_type=\"heading.default\">\n\t\t\t\t\t<h2 class=\"elementor-heading-title elementor-size-default\">BIANCO SUPREME<\/h2>\t\t\t\t<\/div>\n\t\t\t\t<div class=\"elementor-element elementor-element-cd39ec1 elementor-align-justify elementor-widget__width-initial elementor-widget-mobile__width-inherit elementor-widget elementor-widget-button\" data-id=\"cd39ec1\" data-element_type=\"widget\" data-e-type=\"widget\" data-widget_type=\"button.default\">\n\t\t\t\t\t\t\t\t\t\t<a class=\"elementor-button elementor-button-link elementor-size-sm\" href=\"https:\/\/pemagran.com.br\/en\/produtos\/naturais\/\">\n\t\t\t\t\t\t<span class=\"elementor-button-content-wrapper\">\n\t\t\t\t\t\t\t\t\t<span class=\"elementor-button-text\">LEARN MORE<\/span>\n\t\t\t\t\t<\/span>\n\t\t\t\t\t<\/a>\n\t\t\t\t\t\t\t\t<\/div>\n\t\t\t\t<\/div>\n\t\t\t\t<div class=\"elementor-element elementor-element-7db0e63 elementor-align-justify elementor-widget__width-initial elementor-widget-mobile__width-inherit elementor-widget elementor-widget-button\" data-id=\"7db0e63\" data-element_type=\"widget\" data-e-type=\"widget\" data-widget_type=\"button.default\">\n\t\t\t\t\t\t\t\t\t\t<a class=\"elementor-button elementor-button-link elementor-size-sm\" href=\"https:\/\/pemagran.com.br\/en\/produtos\/naturais\/\">\n\t\t\t\t\t\t<span class=\"elementor-button-content-wrapper\">\n\t\t\t\t\t\t\t\t\t<span class=\"elementor-button-text\">SEE OUR FULL LINE<\/span>\n\t\t\t\t\t<\/span>\n\t\t\t\t\t<\/a>\n\t\t\t\t\t\t\t\t<\/div>\n\t\t\t\t\t<\/div>\n\t\t\t\t<\/div>\n\t\t\t\t<\/div>","protected":false},"excerpt":{"rendered":"<p>Nossa hist\u00f3ria Pemagran foi fundada em 1979 pelo Sr. Calbir Sandrini. Descendente italiano com garra e disposi\u00e7\u00e3o para o trabalho deixou um legado para seus filhos, netos e bisnetos.\u2028 Pemagran desde a sua funda\u00e7\u00e3o tem no DNA a gest\u00e3o familiar que se perpetua at\u00e9 os dias de hoje, com os filhos Claudio e Adriano Sandrini [&hellip;]<\/p>\n","protected":false},"author":14,"featured_media":0,"parent":0,"menu_order":0,"comment_status":"closed","ping_status":"closed","template":"","meta":{"inline_featured_image":false,"_joinchat":[],"footnotes":""},"class_list":["post-1850","page","type-page","status-publish","hentry"],"blocksy_meta":[],"_links":{"self":[{"href":"https:\/\/pemagran.com.br\/en\/wp-json\/wp\/v2\/pages\/1850","targetHints":{"allow":["GET"]}}],"collection":[{"href":"https:\/\/pemagran.com.br\/en\/wp-json\/wp\/v2\/pages"}],"about":[{"href":"https:\/\/pemagran.com.br\/en\/wp-json\/wp\/v2\/types\/page"}],"author":[{"embeddable":true,"href":"https:\/\/pemagran.com.br\/en\/wp-json\/wp\/v2\/users\/14"}],"replies":[{"embeddable":true,"href":"https:\/\/pemagran.com.br\/en\/wp-json\/wp\/v2\/comments?post=1850"}],"version-history":[{"count":85,"href":"https:\/\/pemagran.com.br\/en\/wp-json\/wp\/v2\/pages\/1850\/revisions"}],"predecessor-version":[{"id":2667,"href":"https:\/\/pemagran.com.br\/en\/wp-json\/wp\/v2\/pages\/1850\/revisions\/2667"}],"wp:attachment":[{"href":"https:\/\/pemagran.com.br\/en\/wp-json\/wp\/v2\/media?parent=1850"}],"curies":[{"name":"wp","href":"https:\/\/api.w.org\/{rel}","templated":true}]}}